{"id":12,"date":"2021-08-22T01:50:13","date_gmt":"2021-08-21T23:50:13","guid":{"rendered":"http:\/\/dev.franciszeklepich.pl\/?page_id=12"},"modified":"2021-10-05T14:03:22","modified_gmt":"2021-10-05T12:03:22","slug":"strona-glowna","status":"publish","type":"page","link":"https:\/\/franciszeklepich.pl\/","title":{"rendered":"Strona g\u0142\u00f3wna"},"content":{"rendered":"<p>[vc_row][vc_column][vc_empty_space height=&#8221;100px&#8221;][vc_single_image image=&#8221;496&#8243; img_size=&#8221;full&#8221;][vc_column_text]<\/p>\n<p style=\"text-align: center;\"><span style=\"font-size: 8pt;\">Dofinansowano ze \u015brodk\u00f3w Ministerstwa Kultury, Dziedzictwa Narodowego i Sportu pochodz\u0105cych z Funduszu Promocji Kultury &#8211; Pa\u0144stwowego Funduszu Celowego<br \/>\ni ze \u015brodk\u00f3w Samorz\u0105du Wojew\u00f3dztwa Opolskiego<\/span><\/p>\n<p>[\/vc_column_text][\/vc_column][\/vc_row]<\/p>\n","protected":false},"excerpt":{"rendered":"<p>[vc_row][vc_column][vc_empty_space height=&#8221;100px&#8221;][vc_single_image image=&#8221;496&#8243; img_size=&#8221;full&#8221;][vc_column_text] Dofinansowano ze \u015brodk\u00f3w Ministerstwa Kultury, Dziedzictwa Narodowego i Sportu pochodz\u0105cych z Funduszu Promocji Kultury &#8211; Pa\u0144stwowego Funduszu Celowego i ze \u015brodk\u00f3w Samorz\u0105du Wojew\u00f3dztwa Opolskiego [\/vc_column_text][\/vc_column][\/vc_row]<\/p>\n","protected":false},"author":1,"featured_media":0,"parent":0,"menu_order":14,"comment_status":"closed","ping_status":"closed","template":"","meta":[],"_links":{"self":[{"href":"https:\/\/franciszeklepich.pl\/index.php?rest_route=\/wp\/v2\/pages\/12"}],"collection":[{"href":"https:\/\/franciszeklepich.pl\/index.php?rest_route=\/wp\/v2\/pages"}],"about":[{"href":"https:\/\/franciszeklepich.pl\/index.php?rest_route=\/wp\/v2\/types\/page"}],"author":[{"embeddable":true,"href":"https:\/\/franciszeklepich.pl\/index.php?rest_route=\/wp\/v2\/users\/1"}],"replies":[{"embeddable":true,"href":"https:\/\/franciszeklepich.pl\/index.php?rest_route=%2Fwp%2Fv2%2Fcomments&post=12"}],"version-history":[{"count":9,"href":"https:\/\/franciszeklepich.pl\/index.php?rest_route=\/wp\/v2\/pages\/12\/revisions"}],"predecessor-version":[{"id":713,"href":"https:\/\/franciszeklepich.pl\/index.php?rest_route=\/wp\/v2\/pages\/12\/revisions\/713"}],"wp:attachment":[{"href":"https:\/\/franciszeklepich.pl\/index.php?rest_route=%2Fwp%2Fv2%2Fmedia&parent=12"}],"curies":[{"name":"wp","href":"https:\/\/api.w.org\/{rel}","templated":true}]}}