{"id":176,"date":"2021-08-22T21:57:40","date_gmt":"2021-08-22T19:57:40","guid":{"rendered":"http:\/\/dev.franciszeklepich.pl\/?page_id=176"},"modified":"2021-10-05T14:27:24","modified_gmt":"2021-10-05T12:27:24","slug":"informacje","status":"publish","type":"page","link":"https:\/\/franciszeklepich.pl\/?page_id=176","title":{"rendered":"Informacje"},"content":{"rendered":"<p>[vc_row][vc_column][vc_empty_space height=&#8221;30px&#8221;][vc_custom_heading text=&#8221;Informacje&#8221; font_container=&#8221;tag:h2|text_align:center&#8221; use_theme_fonts=&#8221;yes&#8221; css=&#8221;.vc_custom_1629662389535{border-bottom-width: 1px !important;padding-bottom: 10px !important;border-bottom-color: #cccccc !important;border-bottom-style: solid !important;}&#8221;][\/vc_column][\/vc_row][vc_row][vc_column][vc_empty_space height=&#8221;30px&#8221;][vc_column_text]<strong>Pomys\u0142, scenariusz, nadz\u00f3r nad realizacj\u0105 projektu: <\/strong>Magdalena G\u00f3rniak-Bardzik<\/p>\n<p><strong>Redakcja katalogu:<\/strong> Magdalena G\u00f3rniak-Bardzik<\/p>\n<p><strong>Teksty: <\/strong>Helga Bieniusa, Jaros\u0142aw Ga\u0142\u0119za, Magdalena G\u00f3rniak-Bardzik, Teresa Smoli\u0144ska, Marek Szyryk<\/p>\n<p><strong>Opracowanie j\u0119zykowe i korekta:<\/strong> Jolanta Brodziak<\/p>\n<p><strong>Wyb\u00f3r materia\u0142\u00f3w na wystaw\u0119:<\/strong> Helga Bieniusa, S\u0142awoj Dubiel, Magdalena G\u00f3rniak-Bardzik, Maria Lepich, S\u0142awomir Mielnik<\/p>\n<p><strong>Opracowanie graficzne fotografii wystawowych:<\/strong> S\u0142awoj Dubiel<\/p>\n<p><strong>Opisy fotografii:<\/strong> Helga Bieniusa, Magdalena G\u00f3rniak, Maria Lepich<\/p>\n<p><strong>Identyfikacja os\u00f3b na fotografiach archiwalnych:<\/strong> R\u00f3\u017ca Bomba, Teresa Bugiel, Piotr Jelito, Cecylia Lippa, Teresa Michna, Joachim Porada, Gabriela Porada, Jerzy So\u0142tysek, Anna Stosiek<\/p>\n<p><strong>Film:<\/strong> S\u0142awomir Mielnik<span class=\"Apple-converted-space\">\u00a0<\/span><\/p>\n<p><strong>Muzyka:<\/strong> Zaginione Archiwum (zesp\u00f3\u0142 muzyczny w sk\u0142adzie: Anna Dzwonkowska-Pucia, Mariusz Pucia, Dariusz Kownacki)<\/p>\n<p><strong>Projekt i aran\u017cacja wystawy, projekt i opracowanie graficzne oraz sk\u0142ad i \u0142amanie katalogu, a tak\u017ce materia\u0142\u00f3w promocyjnych:<\/strong> Grafis Marek Krajewski<span class=\"Apple-converted-space\">\u00a0<\/span><\/p>\n<p><strong>Projekt strony internetowej wystawy www.franciszeklepich.pl:<\/strong> Kamil Pie\u015bniewski[\/vc_column_text][vc_column_text]<\/p>\n<p style=\"text-align: left;\"><strong>PUBLIKOWANE FOTOGRAFIE POCHODZ\u0104 ZE ZBIOR\u00d3W STOWARZYSZENIA \u201eNASZE DZIEDZICTWO\u201d W \u017bYROWEJ.\u00a0<\/strong><\/p>\n<p>[\/vc_column_text][vc_empty_space height=&#8221;30px&#8221;][\/vc_column][\/vc_row][vc_row css=&#8221;.vc_custom_1631469834820{border-top-width: 1px !important;padding-top: 10px !important;padding-bottom: 10px !important;border-top-color: #cccccc !important;border-top-style: solid !important;}&#8221;][vc_column][vc_column_text]<\/p>\n<p style=\"text-align: center;\">Organizator<\/p>\n<p>[\/vc_column_text][vc_row_inner][vc_column_inner width=&#8221;1\/6&#8243;][\/vc_column_inner][vc_column_inner width=&#8221;2\/3&#8243;][vc_single_image image=&#8221;479&#8243; img_size=&#8221;full&#8221; alignment=&#8221;center&#8221;][\/vc_column_inner][vc_column_inner width=&#8221;1\/6&#8243;][\/vc_column_inner][\/vc_row_inner][\/vc_column][\/vc_row][vc_row css=&#8221;.vc_custom_1631469842785{border-top-width: 1px !important;padding-top: 10px !important;padding-bottom: 10px !important;border-top-color: #cccccc !important;border-top-style: solid !important;}&#8221;][vc_column][vc_column_text]<\/p>\n<p style=\"text-align: center;\">Finansowanie<\/p>\n<p>[\/vc_column_text][vc_row_inner][vc_column_inner width=&#8221;1\/6&#8243;][\/vc_column_inner][vc_column_inner width=&#8221;2\/3&#8243;][vc_single_image image=&#8221;478&#8243; img_size=&#8221;full&#8221; alignment=&#8221;center&#8221;][\/vc_column_inner][vc_column_inner width=&#8221;1\/6&#8243;][\/vc_column_inner][\/vc_row_inner][vc_row_inner][vc_column_inner][vc_column_text]<\/p>\n<p style=\"text-align: center;\">Dofinansowano ze \u015brodk\u00f3w Ministerstwa Kultury, Dziedzictwa Narodowego i Sportu pochodz\u0105cych z Funduszu Promocji Kultury &#8211; Pa\u0144stwowego Funduszu Celowego\u00a0i ze \u015brodk\u00f3w Samorz\u0105du Wojew\u00f3dztwa Opolskiego<\/p>\n<p>[\/vc_column_text][\/vc_column_inner][\/vc_row_inner][\/vc_column][\/vc_row][vc_row css=&#8221;.vc_custom_1631469834820{border-top-width: 1px !important;padding-top: 10px !important;padding-bottom: 10px !important;border-top-color: #cccccc !important;border-top-style: solid !important;}&#8221;][vc_column][vc_column_text]<\/p>\n<p style=\"text-align: center;\">Patronat honorowy<\/p>\n<p>[\/vc_column_text][vc_row_inner][vc_column_inner width=&#8221;1\/6&#8243;][\/vc_column_inner][vc_column_inner width=&#8221;2\/3&#8243;][vc_single_image image=&#8221;482&#8243; img_size=&#8221;medium&#8221; alignment=&#8221;center&#8221;][\/vc_column_inner][vc_column_inner width=&#8221;1\/6&#8243;][\/vc_column_inner][\/vc_row_inner][\/vc_column][\/vc_row][vc_row css=&#8221;.vc_custom_1631469834820{border-top-width: 1px !important;padding-top: 10px !important;padding-bottom: 10px !important;border-top-color: #cccccc !important;border-top-style: solid !important;}&#8221;][vc_column][vc_column_text]<\/p>\n<p style=\"text-align: center;\">Partnerzy<\/p>\n<p>[\/vc_column_text][vc_row_inner][vc_column_inner width=&#8221;1\/6&#8243;][\/vc_column_inner][vc_column_inner width=&#8221;2\/3&#8243;][vc_single_image image=&#8221;480&#8243; img_size=&#8221;large&#8221; alignment=&#8221;center&#8221;][\/vc_column_inner][vc_column_inner width=&#8221;1\/6&#8243;][\/vc_column_inner][\/vc_row_inner][\/vc_column][\/vc_row][vc_row css=&#8221;.vc_custom_1631469834820{border-top-width: 1px !important;padding-top: 10px !important;padding-bottom: 10px !important;border-top-color: #cccccc !important;border-top-style: solid !important;}&#8221;][vc_column][vc_column_text]<\/p>\n<p style=\"text-align: center;\">Patronat medialny<\/p>\n<p>[\/vc_column_text][vc_row_inner][vc_column_inner width=&#8221;1\/6&#8243;][\/vc_column_inner][vc_column_inner width=&#8221;2\/3&#8243;][vc_single_image image=&#8221;481&#8243; img_size=&#8221;large&#8221; alignment=&#8221;center&#8221;][\/vc_column_inner][vc_column_inner width=&#8221;1\/6&#8243;][\/vc_column_inner][\/vc_row_inner][\/vc_column][\/vc_row]<\/p>\n","protected":false},"excerpt":{"rendered":"<p>[vc_row][vc_column][vc_empty_space height=&#8221;30px&#8221;][vc_custom_heading text=&#8221;Informacje&#8221; font_container=&#8221;tag:h2|text_align:center&#8221; use_theme_fonts=&#8221;yes&#8221; css=&#8221;.vc_custom_1629662389535{border-bottom-width: 1px !important;padding-bottom: 10px !important;border-bottom-color: #cccccc !important;border-bottom-style: solid !important;}&#8221;][\/vc_column][\/vc_row][vc_row][vc_column][vc_empty_space height=&#8221;30px&#8221;][vc_column_text]Pomys\u0142, scenariusz, nadz\u00f3r nad realizacj\u0105 projektu: Magdalena G\u00f3rniak-Bardzik Redakcja katalogu: Magdalena G\u00f3rniak-Bardzik Teksty: Helga Bieniusa, Jaros\u0142aw Ga\u0142\u0119za, Magdalena G\u00f3rniak-Bardzik, Teresa Smoli\u0144ska, Marek Szyryk Opracowanie j\u0119zykowe i korekta: Jolanta Brodziak Wyb\u00f3r materia\u0142\u00f3w na wystaw\u0119: Helga Bieniusa, S\u0142awoj Dubiel, Magdalena G\u00f3rniak-Bardzik, Maria Lepich, [&hellip;]<\/p>\n","protected":false},"author":1,"featured_media":0,"parent":0,"menu_order":8,"comment_status":"closed","ping_status":"closed","template":"","meta":[],"_links":{"self":[{"href":"https:\/\/franciszeklepich.pl\/index.php?rest_route=\/wp\/v2\/pages\/176"}],"collection":[{"href":"https:\/\/franciszeklepich.pl\/index.php?rest_route=\/wp\/v2\/pages"}],"about":[{"href":"https:\/\/franciszeklepich.pl\/index.php?rest_route=\/wp\/v2\/types\/page"}],"author":[{"embeddable":true,"href":"https:\/\/franciszeklepich.pl\/index.php?rest_route=\/wp\/v2\/users\/1"}],"replies":[{"embeddable":true,"href":"https:\/\/franciszeklepich.pl\/index.php?rest_route=%2Fwp%2Fv2%2Fcomments&post=176"}],"version-history":[{"count":32,"href":"https:\/\/franciszeklepich.pl\/index.php?rest_route=\/wp\/v2\/pages\/176\/revisions"}],"predecessor-version":[{"id":723,"href":"https:\/\/franciszeklepich.pl\/index.php?rest_route=\/wp\/v2\/pages\/176\/revisions\/723"}],"wp:attachment":[{"href":"https:\/\/franciszeklepich.pl\/index.php?rest_route=%2Fwp%2Fv2%2Fmedia&parent=176"}],"curies":[{"name":"wp","href":"https:\/\/api.w.org\/{rel}","templated":true}]}}