{"id":199,"date":"2021-08-22T22:38:22","date_gmt":"2021-08-22T20:38:22","guid":{"rendered":"http:\/\/dev.franciszeklepich.pl\/?page_id=199"},"modified":"2021-10-05T14:22:30","modified_gmt":"2021-10-05T12:22:30","slug":"wprowadzenie","status":"publish","type":"page","link":"https:\/\/franciszeklepich.pl\/?page_id=199","title":{"rendered":"Wprowadzenie"},"content":{"rendered":"<p>[vc_row][vc_column][vc_empty_space height=&#8221;30px&#8221;][vc_custom_heading text=&#8221;Wprowadzenie&#8221; font_container=&#8221;tag:h2|text_align:center&#8221; use_theme_fonts=&#8221;yes&#8221; css=&#8221;.vc_custom_1629664637129{border-bottom-width: 1px !important;padding-bottom: 10px !important;border-bottom-color: #cccccc !important;border-bottom-style: solid !important;}&#8221;][vc_empty_space height=&#8221;30px&#8221;][\/vc_column][\/vc_row][vc_row][vc_column width=&#8221;1\/2&#8243;][vc_custom_heading text=&#8221;Szanowni Pa\u0144stwo,&#8221; font_container=&#8221;tag:h3|text_align:left&#8221; use_theme_fonts=&#8221;yes&#8221; css=&#8221;.vc_custom_1631410215177{margin-bottom: 0px !important;}&#8221;][vc_column_text]<\/p>\n<p style=\"text-align: justify;\">po raz kolejny si\u0119gamy do dziedziny, kt\u00f3r\u0105 ju\u017c niejednokrotnie eksplorowali\u015bmy \u2013 do dawnej fotografii i do \u015bwiata odtwarzanego przez poszczeg\u00f3lne zdj\u0119cia.<br \/>\nTym razem zapraszamy do obejrzenia wystawy, kt\u00f3rej za\u0142o\u017ceniem jest pokazanie niewielkiej, niestety, cz\u0119\u015bci archiwum fotograficznego stworzonego przez Franciszka Lepicha (1909\u20132000) \u2013 fotografa amatora z Oleszki, dzia\u0142aj\u0105cego w latach 20. 30. i 40. XX wieku. Zdj\u0119cia wybrane na t\u0119 wystaw\u0119 zosta\u0142y uj\u0119te w kilku blokach tema- tycznych, przedstawiaj\u0105cych \u017cycie dawnych mieszka\u0144c\u00f3w Oleszki, \u017byrowej i Jasionej. Walory tych fotografii s\u0105 nie do przecenienia. Chodzi tu zw\u0142aszcza o ich g\u0142\u0119boki autentyzm oraz szereg uwiecznionych na nich detali i sytuacji, kt\u00f3re przybli\u017caj\u0105 nam realia \u017cycia \u015al\u0105zak\u00f3w przed niemal stu laty. Zatem warto przyjrze\u0107 si\u0119 z uwag\u0105 poszczeg\u00f3l- nym osobom, ich ubiorom, pobliskim przedmiotom, zaj\u0119ciom, kt\u00f3rym si\u0119 oddaj\u0105, oraz ich otoczeniu.<br \/>\nWystaw o podobnej tre\u015bci by\u0142o w polskim muzealnictwie w ostatnich latach niema\u0142o. Jest jednak co\u015b, co r\u00f3\u017cni nasze przedsi\u0119wzi\u0119cie od innych, gdy si\u0119 pominie oczywisty aspekt regionalny i czasowy. Tym czym\u015b jest wielow\u0105t- kowo\u015b\u0107 towarzysz\u0105cych mu dzia\u0142a\u0144, kt\u00f3re przeplataj\u0105 si\u0119 mi\u0119dzy sob\u0105, tworz\u0105c w ko\u0144cowym efekcie kompleksowe dzie\u0142o. Tak wi\u0119c wystawie towarzyszy dedykowana jej strona internetowa oraz film dokumentalny przedstawiaj\u0105cy \u201ebohater\u00f3w\u201d wystawy \u2013 tych z przesz\u0142o\u015bci i tych wsp\u00f3\u0142czesnych.<\/p>\n<p>[\/vc_column_text][\/vc_column][vc_column width=&#8221;1\/2&#8243;][vc_empty_space height=&#8221;35px&#8221;][vc_single_image image=&#8221;358&#8243; img_size=&#8221;full&#8221; alignment=&#8221;center&#8221; style=&#8221;vc_box_rounded&#8221;][\/vc_column][\/vc_row][vc_row][vc_column][vc_column_text]<\/p>\n<p style=\"text-align: justify;\">Wsp\u00f3\u0142czesnych, bo jednym z wa\u017cniejszych dzia\u0142a\u0144 towarzysz\u0105cych wystawie b\u0119d\u0105 sesje fotograficzne, podczas kt\u00f3rych do zdj\u0119\u0107 zapozuj\u0105 dzisiejsi mieszka\u0144cy Oleszki, \u017byrowej i Jasionej, w tym wielu potomk\u00f3w os\u00f3b uwiecznionych na fotografiach Lepicha. Zaplanowano spotkania i seminaria o charakterze informacyjno-edukacyjnym, powi\u0105zane z wystaw\u0105 i promuj\u0105ce dziedzictwo kulturowe Opolszczyzny. T\u0142o muzyczne wystawy stanowi\u0107 b\u0119d\u0105 autentyczne utwory i pie\u015bni ludowe zarejestrowane w 1913 roku na \u015al\u0105sku Opolskim. Zostan\u0105 one wykonane we wsp\u00f3\u0142czesnej aran\u017cacji przez zesp\u00f3\u0142 muzyczny Zaginione Archiwum.<\/p>\n<p>[\/vc_column_text][vc_column_text]<\/p>\n<p style=\"text-align: justify;\">Zapraszaj\u0105c Pa\u0144stwa do zapoznania si\u0119 z katalogiem wystawy \u201eS\u0105siedzi. Od narodzin a\u017c po \u015bmier\u0107. Fotografie Franciszka Lepicha z Oleszki\u201d, pragn\u0119 podzi\u0119kowa\u0107 tym wszystkim, kt\u00f3rzy si\u0119 do niej przyczynili. Z pewno\u015bci\u0105 najwa\u017cniejsz\u0105 osob\u0105 w tym gronie jest kuratorka wystawy Pani Magdalena G\u00f3rniak-Bardzik. Jej pomys\u0142y, deter- minacja i zaanga\u017cowanie doprowadzi\u0142y do fina\u0142u, kt\u00f3ry sami mo\u017cecie Pa\u0144stwo oceni\u0107. Wystawa by si\u0119 nie odby\u0142a, gdyby nie Stowarzyszenie \u201eNasze Dziedzictwo\u201d z \u017byrowej, kt\u00f3re zaopiekowa\u0142o si\u0119 fotografiami Franciszka Lepicha i kt\u00f3rego cz\u0142onkowie nadzwyczaj aktywnie w\u0142\u0105czyli si\u0119 do akcji identyfikowania zawarto\u015bci poszczeg\u00f3lnych foto- grafii. Profesjonalnym przygotowaniem zdj\u0119\u0107 oraz realizacj\u0105 dokumentalnego filmu, a tak\u017ce organizacj\u0105 wsp\u00f3\u0142czes- nych sesji fotograficznych zaj\u0119\u0142a si\u0119 Fundacja 2.8. Wsparcie merytoryczne przy przygotowaniu wystawy i dzia\u0142a\u0144 towarzysz\u0105cych zapewni\u0142a Pani Profesor Teresa Smoli\u0144ska i Pan Profesor Marek Szyryk, kt\u00f3rym w tym miejscu sk\u0142adam serdeczne podzi\u0119kowania. O kszta\u0142cie plastycznym wystawy zadecydowa\u0142a koncepcja Marka Krajewskie- go, zak\u0142adaj\u0105ca u\u017cycie minimalnych \u015brodk\u00f3w w celu uzyskania maksymalnie silnego efektu.<br \/>\nNa koniec pragn\u0119 podzi\u0119kowa\u0107 Ministerstwu Kultury, Dziedzictwa Narodowego i Sportu oraz Zarz\u0105dowi Wojew\u00f3dztwa Opolskiego za przyznanie \u015brodk\u00f3w finansowych na nasz projekt, a pracownikom Narodowego In- stytutu Muzealnictwa i Ochrony Zabytk\u00f3w za pomoc i nadz\u00f3r nad jego realizacj\u0105.<br \/>\nZapraszam do \u015bwiata, kt\u00f3ry zosta\u0142 odtworzony dla Pa\u0144stwa dzi\u0119ki wystawie \u201eS\u0105siedzi. Od narodzin a\u017c po \u015bmier\u0107. Fotografie Franciszka Lepicha z Oleszki\u201d.<\/p>\n<p>[\/vc_column_text][vc_column_text]<\/p>\n<p style=\"text-align: right;\"><em>Jaros\u0142aw Ga\u0142\u0119za<\/em><br \/>\n<em>dyrektor Muzeum Wsi Opolskiej w Opolu<\/em><\/p>\n<p>[\/vc_column_text][\/vc_column][\/vc_row][vc_row][vc_column][vc_empty_space height=&#8221;100px&#8221;][vc_single_image image=&#8221;496&#8243; img_size=&#8221;full&#8221;][vc_column_text]<\/p>\n<p style=\"text-align: center;\"><span style=\"font-size: 8pt;\">Dofinansowano ze \u015brodk\u00f3w Ministerstwa Kultury, Dziedzictwa Narodowego i Sportu pochodz\u0105cych z Funduszu Promocji Kultury &#8211; Pa\u0144stwowego Funduszu Celowego<br \/>\ni ze \u015brodk\u00f3w Samorz\u0105du Wojew\u00f3dztwa Opolskiego<\/span><\/p>\n<p>[\/vc_column_text][\/vc_column][\/vc_row]<\/p>\n","protected":false},"excerpt":{"rendered":"<p>[vc_row][vc_column][vc_empty_space height=&#8221;30px&#8221;][vc_custom_heading text=&#8221;Wprowadzenie&#8221; font_container=&#8221;tag:h2|text_align:center&#8221; use_theme_fonts=&#8221;yes&#8221; css=&#8221;.vc_custom_1629664637129{border-bottom-width: 1px !important;padding-bottom: 10px !important;border-bottom-color: #cccccc !important;border-bottom-style: solid !important;}&#8221;][vc_empty_space height=&#8221;30px&#8221;][\/vc_column][\/vc_row][vc_row][vc_column width=&#8221;1\/2&#8243;][vc_custom_heading text=&#8221;Szanowni Pa\u0144stwo,&#8221; font_container=&#8221;tag:h3|text_align:left&#8221; use_theme_fonts=&#8221;yes&#8221; css=&#8221;.vc_custom_1631410215177{margin-bottom: 0px !important;}&#8221;][vc_column_text] po raz kolejny si\u0119gamy do dziedziny, kt\u00f3r\u0105 ju\u017c niejednokrotnie eksplorowali\u015bmy \u2013 do dawnej fotografii i do \u015bwiata odtwarzanego przez poszczeg\u00f3lne zdj\u0119cia. Tym razem zapraszamy do obejrzenia wystawy, kt\u00f3rej za\u0142o\u017ceniem jest pokazanie niewielkiej, [&hellip;]<\/p>\n","protected":false},"author":1,"featured_media":0,"parent":0,"menu_order":15,"comment_status":"closed","ping_status":"closed","template":"","meta":[],"_links":{"self":[{"href":"https:\/\/franciszeklepich.pl\/index.php?rest_route=\/wp\/v2\/pages\/199"}],"collection":[{"href":"https:\/\/franciszeklepich.pl\/index.php?rest_route=\/wp\/v2\/pages"}],"about":[{"href":"https:\/\/franciszeklepich.pl\/index.php?rest_route=\/wp\/v2\/types\/page"}],"author":[{"embeddable":true,"href":"https:\/\/franciszeklepich.pl\/index.php?rest_route=\/wp\/v2\/users\/1"}],"replies":[{"embeddable":true,"href":"https:\/\/franciszeklepich.pl\/index.php?rest_route=%2Fwp%2Fv2%2Fcomments&post=199"}],"version-history":[{"count":30,"href":"https:\/\/franciszeklepich.pl\/index.php?rest_route=\/wp\/v2\/pages\/199\/revisions"}],"predecessor-version":[{"id":721,"href":"https:\/\/franciszeklepich.pl\/index.php?rest_route=\/wp\/v2\/pages\/199\/revisions\/721"}],"wp:attachment":[{"href":"https:\/\/franciszeklepich.pl\/index.php?rest_route=%2Fwp%2Fv2%2Fmedia&parent=199"}],"curies":[{"name":"wp","href":"https:\/\/api.w.org\/{rel}","templated":true}]}}