{"id":32,"date":"2021-08-22T02:53:24","date_gmt":"2021-08-22T00:53:24","guid":{"rendered":"http:\/\/dev.franciszeklepich.pl\/?page_id=32"},"modified":"2021-10-05T14:01:39","modified_gmt":"2021-10-05T12:01:39","slug":"o-projekcie","status":"publish","type":"page","link":"https:\/\/franciszeklepich.pl\/?page_id=32","title":{"rendered":"O projekcie"},"content":{"rendered":"<p>[vc_row][vc_column][vc_empty_space height=&#8221;30px&#8221;][vc_custom_heading text=&#8221;O projekcie&#8221; font_container=&#8221;tag:h2|text_align:center&#8221; use_theme_fonts=&#8221;yes&#8221; css=&#8221;.vc_custom_1629665375509{border-bottom-width: 1px !important;padding-bottom: 10px !important;border-bottom-color: #cccccc !important;border-bottom-style: solid !important;}&#8221;][vc_empty_space height=&#8221;30px&#8221;][\/vc_column][\/vc_row][vc_row][vc_column][vc_column_text]<\/p>\n<p style=\"text-align: justify;\"><strong>\u201eS\u0105siedzi. Od narodzin, a\u017c po \u015bmier\u0107. Fotografie Franciszka Lepicha z Oleszki\u201d<\/strong> \u2013 to projekt realizowany przez Muzeum Wsi Opolskiej w 2021 roku. Zak\u0142ada on organizacj\u0119 wystawy archiwalnych fotografii \u2013 zbiorowego portretu mieszka\u0144c\u00f3w Oleszki, Jasionej i \u017byrowej, wsi po\u0142o\u017conych w powiecie krapkowickim, w pobli\u017cu G\u00f3ry \u015bw. Anny, na \u015al\u0105sku Opolskim (region ten do 1945 roku nale\u017ca\u0142 do Niemiec). S\u0105 to zdj\u0119cia wykonane w latach 20., 30. i 40. XX wieku przez fotografa amatora Franciszka Lepicha. Ich oryginalne szklane negatywy zosta\u0142y odnale- zione w 2016 roku.<\/p>\n<p style=\"text-align: justify;\">Wystawa prezentuje autorskie fotografie o wysokiej warto\u015bci artystycznej, b\u0119d\u0105ce przede wszystkim cennym \u017ar\u00f3d\u0142em informacji o dawnym \u017cyciu spo\u0142eczno\u015bci wiejskiej na \u015al\u0105sku Opolskim. Uj\u0119te w cykl zatytu\u0142owany \u201eOd narodzin a\u017c po \u015bmier\u0107\u201d obrazuj\u0105 one najwa\u017cniejsze etapy \u017cycia cz\u0142owieka, w tym wypadku \u015al\u0105zaka, i szerzej \u2013 histori\u0119 oraz kultur\u0119 \u015al\u0105ska Opolskiego. Wystawa ma charakter etnograficzno-historyczny, a ze wzgl\u0119du na wysoki poziom artystyczny zdj\u0119\u0107 jest to r\u00f3wnie\u017c wystawa sztuki fotograficznej. Jej celem jest promowanie dziedzictwa kulturowego \u015al\u0105ska Opolskiego, a tak\u017ce popularyzowanie klasycznej sztuki fotograficznej oraz jednego z jej tw\u00f3rc\u00f3w.<\/p>\n<p>[\/vc_column_text][\/vc_column][\/vc_row][vc_row][vc_column width=&#8221;1\/2&#8243;][vc_column_text]<\/p>\n<h3 style=\"text-align: justify;\"><strong>Opis fotografii wystawowych<\/strong><\/h3>\n<div class=\"page\" style=\"text-align: justify;\" title=\"Page 4\">\n<div class=\"layoutArea\">\n<div class=\"column\">\n<p>Franciszek Lepich zawsze uwaz\u0307a\u0142 sie\u0328 za mieszkan\u0301ca Oleszki, choc\u0301 jego rodzinny dom sta\u0142 w Kolonii \u2013 osadzie \u0142a\u0328cza\u0328cej sie\u0328 z Oleszka\u0328, ale od zawsze administracyjnie przypisanej do wsi Jasiona, gdyz\u0307 osada ta powsta\u0142a na gruntach stanowia\u0328cych niegdys\u0301 w\u0142asnos\u0301c\u0301 jasion\u0301skiej parafii. Ten urodzony w 1909 roku, fotograf amator, z zawodu ko\u0142odziej i stolarz, przez ca\u0142e swoje doros\u0142e z\u0307ycie fotografowa\u0142 miejscowa\u0328 ludnos\u0301c\u0301. Robi\u0142 zdje\u0328cia swoim sa\u0328siadom \u2013 mieszkan\u0301com Oleszki oraz pobliskiej Jasionej i Z\u0307yrowej. Lepich, nie maja\u0328c z\u0307adnego z go\u0301ry za\u0142oz\u0307onego planu, fotografowa\u0142 przedstawicieli ro\u0301z\u0307nych grup spo\u0142ecznych i zawodowych \u2013 w typowych strojach, z charakterystycznymi atrybutami, w ich codziennym otoczeniu, najcze\u0328s\u0301ciej w miejscu zamieszkania (przed domem, stodo\u0142a\u0328, na ganku, w sadzie lub ogrodzie), czasem na neutralnym tle (w otwartej przestrzeni, na wiejskiej drodze, w lesie), a takz\u0307e na tle obiekto\u0301w architektury i nierzadko w miejscu pracy (w warsztacie rzemies\u0301lniczym, na polu, w oborze, piekarni czy kuz\u0301ni, przed sklepem). Fotografowa\u0142 ludzi w ro\u0301z\u0307nym wieku \u2013 od niemowle\u0328cego po podesz\u0142y, zaro\u0301wno me\u0328z\u0307czyzn, jak i kobiety. Dzie\u0328ki temu stworzy\u0142 zbiorowy, wielopokoleniowy obraz wiejskiej spo\u0142ecznos\u0301ci Oleszki i jej okolic. Ukaza\u0142, jak wygla\u0328dali tamtejsi ludzie, czym sie\u0328 zajmowali i jak z\u0307yli. Bezwiednie wychwyci\u0142 nie tylko to, co by\u0142o dla nich indywidualne, ale i to, co by\u0142o typowe. Ujawni\u0142 zaro\u0301wno to, co odro\u0301z\u0307nia\u0142o poszczego\u0301lne osoby od innych, jak i to, co okres\u0301la\u0142o je jako cz\u0142onko\u0301w grupy. Tym samym sta\u0142 sie\u0328 autorem bardzo wartos\u0301ciowego portretu socjologicznego miejscowej ludnos\u0301ci, z\u0307yja\u0328cej w pierwszych dekadach XX wieku. Jego zdje\u0328cia uk\u0142adaja\u0328 sie\u0328 w analityczny i obiektywny portret wielopokoleniowego spo\u0142eczen\u0301stwa. Choc\u0301 Lepich by\u0142 amatorem, sa\u0328 one przemys\u0301lane i dobrze skomponowane. Wy\u0142ania sie\u0328 z nich prawda o ludziach z tamtej epoki, przez co staja\u0328 sie\u0328 zdje\u0328ciami dokumentacyjnymi czy wre\u0328cz antropologicznymi jako zapis tamtych czaso\u0301w i galeria ludzkich sylwetek. Tym samym stanowia\u0328 cenne z\u0301ro\u0301d\u0142o wiedzy dla wspo\u0301\u0142czesnych historyko\u0301w, antropologo\u0301w i socjologo\u0301w. Ponadto zachwycaja\u0328 doskona\u0142a\u0328 jakos\u0301cia\u0328 techniczna\u0328 oraz poziomem artystycznym.<\/p>\n<p>Znaczna cze\u0328s\u0301c\u0301 materia\u0142o\u0301w fotograficznych Lepicha nie dotrwa\u0142a do naszych czaso\u0301w. Uleg\u0142y one zniszczeniu i rozproszeniu w kon\u0301cowej fazie II wojny s\u0301wiatowej. Na szcze\u0328s\u0301cie ocala\u0142 fragment zbioru tworza\u0328cy pewna\u0328 zwarta\u0328 ca\u0142os\u0301c\u0301. W 2016 roku w domu syna Lepicha, Bertholda, znaleziono kartony z 750 oryginalnymi szklanymi negatywami z lat 20., 30. i 40. XX wieku. Zosta\u0142y one zabezpieczone, a naste\u0328pnie zdigitalizowane dzie\u0328ki staraniom cz\u0142onko\u0301w lokalnego Stowarzyszenia \u201eNasze Dziedzictwo\u201d z Z\u0307yrowej. W 2019 roku zbiorem zainteresowa\u0142o sie\u0328 Muzeum Wsi Opolskiej w Opolu, czego efektem jest wielowa\u0328tkowy projekt pn.: \u201eSa\u0328siedzi. Od narodzin az\u0307 po s\u0301mierc\u0301. Fotografie Franciszka Lepicha z Oleszki\u201d.<\/p>\n<\/div>\n<\/div>\n<\/div>\n<p>[\/vc_column_text][\/vc_column][vc_column width=&#8221;1\/2&#8243;][vc_single_image image=&#8221;459&#8243; img_size=&#8221;full&#8221; alignment=&#8221;center&#8221; style=&#8221;vc_box_rounded&#8221;][vc_empty_space height=&#8221;10px&#8221;][vc_single_image image=&#8221;369&#8243; img_size=&#8221;full&#8221; alignment=&#8221;center&#8221; style=&#8221;vc_box_rounded&#8221;][vc_column_text]<span style=\"font-size: 8pt;\">Franciszek Lepich. Kolonia Jasiona (niem. Jeschona), lata 30. XX w.<\/span>[\/vc_column_text][\/vc_column][\/vc_row][vc_row][vc_column][vc_column_text]<\/p>\n<h3 style=\"text-align: justify;\"><strong>Koncepcja wystawy<\/strong><\/h3>\n<p style=\"text-align: justify;\">Pomys\u0142 wystawy zak\u0142ada\u0142 taki dob\u00f3r i uk\u0142ad fotografii, by z\u0142o\u017cy\u0142y si\u0119 one na zwarty cykl pn.: \u201eOd narodzin a\u017c po \u015bmier\u0107\u201d, obrazuj\u0105cy \u017cycie cz\u0142owieka \u2013 w tym wypadku \u015al\u0105zaka \u2013 z podzia\u0142em na takie etapy, jak narodziny, dzieci\u0144stwo, ma\u0142\u017ce\u0144stwo, starzenie si\u0119 oraz \u015bmier\u0107. Gdy si\u0119 ogl\u0105da fotografie Lepicha, mo\u017cna te etapy prze\u015bledzi\u0107, \u0142\u0105cz\u0105c z sob\u0105 uwiecznione na nich bardziej szczeg\u00f3\u0142owe sytuacje (chrzest, roczek, komunia, szko\u0142a, narzecze\u0144stwo, \u015blub, praca, zabawa, odpoczynek, modlitwa, jesie\u0144 \u017cycia, choroba i ostatnie po\u017cegnanie). Zatem fotografie te odtwarzaj\u0105 w zasadzie pe\u0142ny cykl ludzkiej egzystencji. Ilustruj\u0105 przy tym otaczaj\u0105cy mikro\u015bwiat \u2013 ten bliski, w\u0142asny, w tym wypadku wiejski, opr\u00f3cz tego daj\u0105 wyobra\u017cenie o dawnym \u017cyciu, a w szerszym uj\u0119ciu \u2013 o historii i kulturze \u015bl\u0105skiego regionu. Wykonane przez Lepicha zdj\u0119cia jego krajan kryj\u0105 w sobie wiele interesuj\u0105cych tre\u015bci. Ubiory, rekwizyty, gesty, pozy s\u0105 swego rodzaju kodem umo\u017cliwiaj\u0105cym odczytanie informacji o tamtej spo\u0142eczno\u015bci, o sposobie \u017cycia jej cz\u0142onk\u00f3w, ich wizji \u015bwiata, sposobie my\u015blenia, systemie warto\u015bci i o wierzeniach. Ukazuj\u0105 te\u017c role spo\u0142eczne, zawodowe, stosunek do innych ludzi, a tak\u017ce do zwierz\u0105t i przyrody.<\/p>\n<p style=\"text-align: justify;\">Na cykl sk\u0142ada si\u0119 100 wyr\u00f3\u017cniaj\u0105cych si\u0119 fotografii g\u0142\u00f3wnych, kt\u00f3re starano si\u0119 przedstawi\u0107 w atrakcyjny poznawczo spos\u00f3b, wykorzystuj\u0105c w tym celu racjonalnie wsp\u00f3\u0142czesne rozwi\u0105zania aran\u017cacyjne i multimedialne. Fotografie pokazano w znacznej cz\u0119\u015bci w postaci powi\u0119ksze\u0144. Ich wydruki wielkoformatowe, umieszczone na specjalnych panelach wystawienniczych (\u015bciankach ekspozycyjnych), opatrzono opisem identyfikacyjnym. Pozosta\u0142e fotografie ze zbioru (sk\u0142ada si\u0119 on \u0142\u0105cznie z 750 szklanych negatyw\u00f3w) s\u0105 wy\u015bwietlane na du\u017cym ekranie w formie prezentacji multimedialnej, stanowi\u0105cej ci\u0105g\u0142y pokaz slajd\u00f3w.<\/p>\n<p style=\"text-align: justify;\">Integraln\u0105 cz\u0119\u015bci\u0105 wystawy jest film po\u015bwi\u0119cony odnalezionym fotografiom i ich tw\u00f3rcy. Ukazano w nim i scharakteryzowano wyj\u0105tkowo cenny pod wzgl\u0119dem zar\u00f3wno etnograficznym, historycznym, socjologicznym, jak i fotograficzno-technicznym dorobek Franciszka Lepicha. Fotografa amatora w filmie wspominaj\u0105 jego dzieci \u2013 syn Berthold i c\u00f3rka Bronis\u0142awa. O warto\u015bci merytorycznej zbioru jako \u017ar\u00f3d\u0142a wiedzy na temat dziedzictwa kulturowego \u015al\u0105ska Opolskiego, kultury duchowej i materialnej ludno\u015bci wiejskiej opowiada kulturoznawca i folklorystka dr hab. Teresa Smoli\u0144ska, profesor Uniwersytetu Opolskiego, natomiast prof. dr hab. Marek Szyryk, artysta fotografik i wyk\u0142adowca w Wy\u017cszej Szkole Filmowej w \u0141odzi, omawia warto\u015b\u0107 historyczn\u0105 zachowanego zbioru szklanych negatyw\u00f3w, akcentuj\u0105c przy tym walory artystyczne i techniczne prezentowanych fotografii. Realizatorem filmu jest S\u0142awomir Mielnik.<\/p>\n<p style=\"text-align: justify;\">Dla wystawy przygotowano oryginaln\u0105 opraw\u0119 muzyczn\u0105. Sk\u0142adaj\u0105 si\u0119 na ni\u0105 polskoj\u0119zyczne pie\u015bni ludowe, kt\u00f3re zosta\u0142y zarejestrowane na \u015al\u0105sku Opolskim w lipcu 1913 roku za pomoc\u0105 fonografu Edisona przez Paula Schmidta. Ich wsp\u00f3\u0142czesne nagrania we w\u0142asnej aran\u017cacji zapewni\u0142 zesp\u00f3\u0142 muzyczny Zaginione Archiwum w sk\u0142adzie: Anna Dzwonkowska-Pucia, Mariusz Pucia i Dariusz Kownacki. Pie\u015bni te opowiadaj\u0105 o codzienno\u015bci \u015al\u0105zak\u00f3w, ich ci\u0119\u017ckiej pracy, modlitwie, rado\u015bciach, smutkach i uczuciach w r\u00f3\u017cnych okresach \u017cycia \u2013 od narodzin po zgon, dlatego s\u0105 doskona\u0142ym dope\u0142nieniem wystawowego cyklu fotografii. Wystawa stanowi wi\u0119c tak\u017ce znakomit\u0105 okazj\u0119 do spopularyzowania wiedzy o unikatowych nagraniach polskoj\u0119zycznych modlitw, \u015bpiewu i muzyki, uwa\u017canych za pierwsze rejestracje akustyczne muzycznego folkloru G\u00f3rnego \u015al\u0105ska oraz za pierwsze fonograficzne rejestracje ludowego muzycznego repertuaru religijnego w j\u0119zyku polskim. Muzyka na wystawie odtwarzana jest w spos\u00f3b ci\u0105g\u0142y \u2013 stanowi jej t\u0142o muzyczne.<\/p>\n<p style=\"text-align: justify;\">Pok\u0142osiem projektu jest digitalizacja i opracowanie cennych fotografii oraz ich udost\u0119pnienie szerokiemu gronu odbiorc\u00f3w na wystawie, a tak\u017ce w opublikowanym katalogu, w filmie oraz na stronie internetowej wystawy: www.franciszeklepich.pl. Profesjonalnym skanowaniem i obr\u00f3bk\u0105 graficzn\u0105 wystawowych fotografii zajmowa\u0142 si\u0119 artysta fotografik S\u0142awoj Dubiel.<\/p>\n<h3 style=\"text-align: justify;\"><strong>Wydarzenia towarzysz\u0105ce<\/strong><\/h3>\n<p style=\"text-align: justify;\">Kontynuacj\u0105 w\u0105tk\u00f3w eksponowanych na wystawie s\u0105 dzia\u0142ania towarzysz\u0105ce o charakterze informacyjno-dydaktycznym, kt\u00f3re promuj\u0105 dziedzictwo kulturowe regionu, oraz dzia\u0142ania o charakterze spo\u0142ecznym. W ich ramach zaplanowano dwa wyk\u0142ady traktuj\u0105ce o warto\u015bci prezentowanego zbioru fotografii. Jeden z nich poprowadzi dr hab. Teresa Smoli\u0144ska, prof. UO, kt\u00f3ra zaprezentuje etnograficzne i kulturoznawcze podej\u015bcie do tematu, a drugi \u2013 prof. dr hab. Marek Szyryk. Scharakteryzuje on i oceni zbi\u00f3r pod wzgl\u0119dem fotograficznym i technicznym.<\/p>\n<p style=\"text-align: justify;\">Opr\u00f3cz wyk\u0142ad\u00f3w zaplanowana zosta\u0142a wyj\u0105tkowa sesja fotograficzna o wyd\u017awi\u0119ku spo\u0142ecznym. Arty\u015bci fotograficy z Fundacji 2.8 \u2013 S\u0142awoj Dubiel i S\u0142awomir Mielnik \u2013 udadz\u0105 si\u0119 bowiem do wsi, w kt\u00f3rych zdj\u0119cia robi\u0142 Lepich, czyli do Oleszki, Jasionej i \u017byrowej, by sfotografowa\u0107 ich wsp\u00f3\u0142czesnych mieszka\u0144c\u00f3w \u2013 osoby cz\u0119sto spokrewnione z bohaterami jego fotografii \u2013 w konwencji w\u0142a\u015bciwej dla Lepichowych czas\u00f3w. Swoje zdj\u0119cia wykonaj\u0105 historyczn\u0105 ju\u017c technik\u0105, u\u017cywaj\u0105c wielkoformatowego aparatu skrzynkowego z lat 20. XX wieku i klisz, podobnych do tych, jakimi pos\u0142ugiwa\u0142 si\u0119 Franciszek Lepich \u2013 autor wystawowych fotografii. Sesja zak\u0142ada wykonanie docelowo 50 portret\u00f3w, wywo\u0142anie negatyw\u00f3w, ich zeskanowanie i przygotowanie do publikacji multimedialnej. Gotowe fotografie zostan\u0105 pokazane i om\u00f3wione podczas spotkania zorganizowanego w ramach wydarze\u0144 towarzysz\u0105cych wystawie. Zostan\u0105 one r\u00f3wnie\u017c udost\u0119pnione na stronie internetowej wystawy.<\/p>\n<h3 style=\"text-align: justify;\"><strong>Wsp\u00f3\u0142praca z organizacjami i udzia\u0142 ekspert\u00f3w<\/strong><\/h3>\n<p style=\"text-align: justify;\">W celu zapewnienia projektowi wysokiego poziomu zaproszono do wsp\u00f3\u0142pracy przy jego realizacji wybitnych ekspert\u00f3w. W sk\u0142ad stworzonego przez nich zespo\u0142u weszli arty\u015bci fotograficy S\u0142awoj Dubiel i S\u0142awomir Mielnik \u2013 konsultanci merytoryczni wydarzenia wsp\u00f3\u0142odpowiedzialni za wyb\u00f3r fotografii na wystaw\u0119, ich digitalizacj\u0119 i przygotowanie do druku. W zespole znalaz\u0142 si\u0119 te\u017c artysta grafik Marek Krajewski \u2013 osoba odpowiedzialna za ca\u0142okszta\u0142t aran\u017cacji wystawy oraz za projekty graficzne, czyli wydarzenia wizualne. Zaproszenie do grona ekspert\u00f3w zosta\u0142o r\u00f3wnie\u017c przyj\u0119te przez dr hab. Teres\u0119 Smoli\u0144sk\u0105, prof. UO, oraz prof. dr. hab. Marka Szyryka. Obie te osoby pe\u0142ni\u0105 funkcj\u0119 konsultant\u00f3w naukowych projektu, s\u0105 te\u017c autorami tekst\u00f3w zamieszczonych w niniejszym katalogu oraz maj\u0105 poprowadzi\u0107 wspominane tu ju\u017c wyk\u0142ady.<br \/>\nW zwi\u0105zku z projektem nawi\u0105zano r\u00f3wnie\u017c wsp\u00f3\u0142prac\u0119 z Fundacj\u0105 Fotograficzn\u0105 2.8, kt\u00f3ra zajmuje si\u0119 rozpowszechnianiem, promowaniem i wspieraniem r\u00f3\u017cnych form fotografii oraz jej tw\u00f3rc\u00f3w. Fundacji tej przypad\u0142a w udziale organizacja akcji fotografowania starymi technikami i zwi\u0105zanego z ni\u0105 spotkania oraz przygotowanie wykonanych wtedy zdj\u0119\u0107 do opublikowania na internetowej stronie wydarzenia w postaci wirtualnej wystawy, nawi\u0105zuj\u0105cej do wystawy g\u0142\u00f3wnej.<br \/>\nW rezultacie wsp\u00f3\u0142pracy z Fundacj\u0105 2,8 oraz ze Zwi\u0105zkiem Polskich Artyst\u00f3w Fotografik\u00f3w Oddzia\u0142 w Opolu wystawa pn.: \u201eS\u0105siedzi. Od narodzin a\u017c po \u015bmier\u0107. Fotografie Franciszka Lepicha z Oleszki\u201d zostanie wymieniona w programie organizowanej w tym roku 11. edycji Opolskiego Festiwalu Fotograficznego OFF \u2013 du\u017cego i wa\u017cnego wydarzenia na kulturalnej mapie Opola, kt\u00f3re odbywa si\u0119 cyklicznie od 2011 roku i kt\u00f3re cieszy si\u0119 obecnie wysok\u0105 og\u00f3lnopolsk\u0105 rang\u0105. W tym roku ma ono trwa\u0107 od 8 pa\u017adziernika do 28 listopada.<br \/>\nR\u00f3wnie owocna okaza\u0142a si\u0119 wsp\u00f3\u0142praca ze Stowarzyszeniem \u201eNasze Dziedzictwo\u201d z \u017byrowej, kt\u00f3re zajmuje si\u0119 popularyzowaniem kultury \u015al\u0105ska i promowaniem swojej miejscowo\u015bci. Stowarzyszenie jako w\u0142a\u015bciciel fotografii Franciszka Lepicha udzieli\u0142o Muzeum Wsi Opolskiej licencji na ich wykorzystanie do cel\u00f3w wystawowych, a opr\u00f3cz tego pomog\u0142o w identyfikacji widniej\u0105cych na nich os\u00f3b. Osoby te by\u0142y anonimowe, gdy\u017c Lepich nie opisywa\u0142 swoich zdj\u0119\u0107. Na szcz\u0119\u015bcie, mimo przesuni\u0119cia granic i przesiedle\u0144, kt\u00f3re przeprowadzono na \u015al\u0105sku po II wojnie \u015bwiatowej, struktura ludno\u015bciowa Oleszki, \u017byrowej i Jasionej nie zmieni\u0142a si\u0119 tak drastycznie, jak gdzie indziej, dlatego w tych wsiach zachowa\u0142a si\u0119 ci\u0105g\u0142o\u015b\u0107 pokoleniowa. Dzi\u0119ki temu do dzi\u015b \u017cyj\u0105 tam jeszcze ludzie spokrewnieni z osobami uwiecznionymi na fotografiach, i to oni je rozpoznali. Zanim si\u0119 to sta\u0142o, cz\u0142onkowie Stowarzyszenia musieli przeprowadzi\u0107 wiele wywiad\u00f3w z mieszka\u0144cami Oleszki, \u017byrowej i Jasionej. Akcj\u0105 t\u0105 kierowa\u0142y Helga Bieniusa \u2013 prezes Stowarzyszenia, oraz Maria Lepich \u2013 jego wiceprezes. G\u0142\u00f3wnymi informatorami byli: Teresa Michna, Joachim Porada, Gabriela Porada, Teresa Bugiel, Jerzy Szo\u0142tysek, Anna Stosiek, Piotr Jelito, R\u00f3\u017ca Bomba i Cecylia Lippa.<\/p>\n<p style=\"text-align: center;\"><span style=\"font-size: 18pt;\"><strong>***<\/strong><\/span><\/p>\n<p style=\"text-align: justify;\">Wystawa b\u0119dzie otwarta od 17 wrze\u015bnia do 31 pa\u017adziernika 2021 roku w Muzeum Wsi Opolskiej w Opolu,<br \/>\nna parterze siedemnastowiecznego spichlerza dworskiego ze S\u0142awi\u0119cic (obiekt wystawienniczy Muzeum), zajmuj\u0105c powierzchni\u0119 oko\u0142o 235 m2.<br \/>\nProjekt \u201eS\u0105siedzi. Od narodzin a\u017c po \u015bmier\u0107. Fotografie Franciszka Lepicha z Oleszki\u201d, w kt\u00f3rego ramach ta wystawa powsta\u0142a, zosta\u0142 dofinansowany ze \u015brodk\u00f3w Ministra Kultury, Dziedzictwa Narodowego i Sportu pochodz\u0105cych z Funduszu Promocji Kultury (pa\u0144stwowy fundusz celowy) oraz ze \u015brodk\u00f3w Samorz\u0105du Wojew\u00f3dztwa Opolskiego.<br \/>\nDzi\u0119ki temu projektowi Muzeum Wsi Opolskiej realizuje swoje statutowe cele strategiczne. Jako instytucja naukowo-badawcza zajmuje si\u0119 ono bowiem ochron\u0105 oraz popularyzacj\u0105 historii i kultury ludowej \u015al\u0105ska Opolskiego, ponadto gromadzi materia\u0142y dokumentacyjne, opracowuje je i je udost\u0119pnia. Kompleksowe przedstawienie obj\u0119tego projektem zagadnienia oznacza wi\u0119c realizacj\u0119 wymienionych wy\u017cej strategicznych cel\u00f3w. Jednocze\u015bnie wielka warto\u015b\u0107 merytoryczna prezentowanych na wystawie tre\u015bci, po\u0142\u0105czona z nowatorskimi rozwi\u0105zaniami aran\u017cacyjnymi oraz z racjonalnie zastosowanymi multimediami, przynosi korzy\u015b\u0107 w postaci atrakcyjnego poznawczo projektu wystawienniczego. Towarzysz\u0105ce wystawie wydarzenia, \u015bci\u015ble zwi\u0105zane z ni\u0105 tematycznie, rozszerz\u0105 jej zasi\u0119g dzia\u0142ania. Akcja spo\u0142eczna opr\u00f3cz charakteru badawczego ma na celu integracj\u0119 spo\u0142eczno\u015bci lokalnej wok\u00f3\u0142 w\u0142asnej historii i kultury. Wsp\u00f3lna przesz\u0142o\u015b\u0107 mieszka\u0144c\u00f3w staje si\u0119 kluczowym elementem kszta\u0142tuj\u0105cym wsp\u00f3\u0142czesn\u0105 przestrze\u0144 spo\u0142eczn\u0105.<\/p>\n<p style=\"text-align: right;\"><em>Magdalena G\u00f3rniak-Bardzik<br \/>\n<\/em><em>kurator wystawy<\/em><\/p>\n<p>[\/vc_column_text][\/vc_column][\/vc_row][vc_row][vc_column][vc_empty_space height=&#8221;100px&#8221;][vc_single_image image=&#8221;496&#8243; img_size=&#8221;full&#8221; alignment=&#8221;center&#8221;][vc_column_text]<\/p>\n<p style=\"text-align: center;\"><span style=\"font-size: 8pt;\">Dofinansowano ze \u015brodk\u00f3w Ministerstwa Kultury, Dziedzictwa Narodowego i Sportu pochodz\u0105cych z Funduszu Promocji Kultury &#8211; Pa\u0144stwowego Funduszu Celowego\u00a0i ze \u015brodk\u00f3w Samorz\u0105du Wojew\u00f3dztwa Opolskiego<\/span><\/p>\n<p>[\/vc_column_text][\/vc_column][\/vc_row]<\/p>\n","protected":false},"excerpt":{"rendered":"<p>[vc_row][vc_column][vc_empty_space height=&#8221;30px&#8221;][vc_custom_heading text=&#8221;O projekcie&#8221; font_container=&#8221;tag:h2|text_align:center&#8221; use_theme_fonts=&#8221;yes&#8221; css=&#8221;.vc_custom_1629665375509{border-bottom-width: 1px !important;padding-bottom: 10px !important;border-bottom-color: #cccccc !important;border-bottom-style: solid !important;}&#8221;][vc_empty_space height=&#8221;30px&#8221;][\/vc_column][\/vc_row][vc_row][vc_column][vc_column_text] \u201eS\u0105siedzi. Od narodzin, a\u017c po \u015bmier\u0107. Fotografie Franciszka Lepicha z Oleszki\u201d \u2013 to projekt realizowany przez Muzeum Wsi Opolskiej w 2021 roku. Zak\u0142ada on organizacj\u0119 wystawy archiwalnych fotografii \u2013 zbiorowego portretu mieszka\u0144c\u00f3w Oleszki, Jasionej i \u017byrowej, wsi po\u0142o\u017conych w [&hellip;]<\/p>\n","protected":false},"author":1,"featured_media":0,"parent":0,"menu_order":10,"comment_status":"closed","ping_status":"closed","template":"","meta":[],"_links":{"self":[{"href":"https:\/\/franciszeklepich.pl\/index.php?rest_route=\/wp\/v2\/pages\/32"}],"collection":[{"href":"https:\/\/franciszeklepich.pl\/index.php?rest_route=\/wp\/v2\/pages"}],"about":[{"href":"https:\/\/franciszeklepich.pl\/index.php?rest_route=\/wp\/v2\/types\/page"}],"author":[{"embeddable":true,"href":"https:\/\/franciszeklepich.pl\/index.php?rest_route=\/wp\/v2\/users\/1"}],"replies":[{"embeddable":true,"href":"https:\/\/franciszeklepich.pl\/index.php?rest_route=%2Fwp%2Fv2%2Fcomments&post=32"}],"version-history":[{"count":55,"href":"https:\/\/franciszeklepich.pl\/index.php?rest_route=\/wp\/v2\/pages\/32\/revisions"}],"predecessor-version":[{"id":205,"href":"https:\/\/franciszeklepich.pl\/index.php?rest_route=\/wp\/v2\/pages\/32\/revisions\/205"}],"wp:attachment":[{"href":"https:\/\/franciszeklepich.pl\/index.php?rest_route=%2Fwp%2Fv2%2Fmedia&parent=32"}],"curies":[{"name":"wp","href":"https:\/\/api.w.org\/{rel}","templated":true}]}}